{"id":3395,"date":"2024-12-12T02:24:09","date_gmt":"2024-12-12T02:24:09","guid":{"rendered":"https:\/\/sauna-tech.com\/product\/sauna-de-cubo\/"},"modified":"2024-12-12T02:24:09","modified_gmt":"2024-12-12T02:24:09","slug":"sauna-de-cubo","status":"publish","type":"product","link":"https:\/\/sauna-tech.com\/es\/producto\/sauna-de-cubo\/","title":{"rendered":"Sauna de cubo"},"content":{"rendered":"<p>En comparaci\u00f3n con las saunas tradicionales, las saunas de cubo son m\u00e1s eficientes en t\u00e9rminos de consumo de energ\u00eda, generan calor uniforme y brindan una experiencia de sauna m\u00e1s c\u00f3moda.<\/p>\n<p><img fetchpriority=\"high\" decoding=\"async\" class=\"alignnone wp-image-2654 \" src=\"https:\/\/sauna-tech.com\/wp-content\/uploads\/2024\/12\/Cube-Sauna-5.jpg\" alt=\"\" width=\"589\" height=\"265\"><\/p>\n<p>La sauna c\u00fabica proporciona funciones de ajuste de temperatura y tiempo, que los usuarios pueden configurar libremente de acuerdo con sus necesidades individuales, brindando una experiencia de uso personalizada.<\/p>\n<p>&nbsp;<\/p>\n","protected":false},"excerpt":{"rendered":"<p>En comparaci\u00f3n con las saunas tradicionales, las saunas de cubo son m\u00e1s eficientes en t\u00e9rminos de consumo de energ\u00eda, generan calor uniforme y brindan una experiencia de sauna m\u00e1s c\u00f3moda. La sauna c\u00fabica proporciona funciones de ajuste de temperatura y tiempo, que los usuarios pueden configurar libremente de acuerdo con sus necesidades individuales, brindando una [&hellip;]<\/p>\n","protected":false},"featured_media":2626,"comment_status":"open","ping_status":"closed","template":"","meta":[],"product_brand":[],"product_cat":[90,72],"product_tag":[],"class_list":{"0":"post-3395","1":"product","2":"type-product","3":"status-publish","4":"has-post-thumbnail","6":"product_cat-sauna-exterior","7":"product_cat-sin-categorizar","9":"first","10":"instock","11":"shipping-taxable","12":"product-type-simple"},"_links":{"self":[{"href":"https:\/\/sauna-tech.com\/es\/wp-json\/wp\/v2\/product\/3395","targetHints":{"allow":["GET"]}}],"collection":[{"href":"https:\/\/sauna-tech.com\/es\/wp-json\/wp\/v2\/product"}],"about":[{"href":"https:\/\/sauna-tech.com\/es\/wp-json\/wp\/v2\/types\/product"}],"replies":[{"embeddable":true,"href":"https:\/\/sauna-tech.com\/es\/wp-json\/wp\/v2\/comments?post=3395"}],"wp:featuredmedia":[{"embeddable":true,"href":"https:\/\/sauna-tech.com\/es\/wp-json\/wp\/v2\/media\/2626"}],"wp:attachment":[{"href":"https:\/\/sauna-tech.com\/es\/wp-json\/wp\/v2\/media?parent=3395"}],"wp:term":[{"taxonomy":"product_brand","embeddable":true,"href":"https:\/\/sauna-tech.com\/es\/wp-json\/wp\/v2\/product_brand?post=3395"},{"taxonomy":"product_cat","embeddable":true,"href":"https:\/\/sauna-tech.com\/es\/wp-json\/wp\/v2\/product_cat?post=3395"},{"taxonomy":"product_tag","embeddable":true,"href":"https:\/\/sauna-tech.com\/es\/wp-json\/wp\/v2\/product_tag?post=3395"}],"curies":[{"name":"wp","href":"https:\/\/api.w.org\/{rel}","templated":true}]}}