{"id":3407,"date":"2024-12-12T02:09:57","date_gmt":"2024-12-12T02:09:57","guid":{"rendered":"https:\/\/sauna-tech.com\/product\/spire-sauna\/"},"modified":"2024-12-12T02:09:57","modified_gmt":"2024-12-12T02:09:57","slug":"spire-sauna","status":"publish","type":"product","link":"https:\/\/sauna-tech.com\/es\/producto\/spire-sauna\/","title":{"rendered":"Spire Sauna"},"content":{"rendered":"<p>El dise\u00f1o de la aguja agrega una est\u00e9tica \u00fanica al ba\u00f1o y se puede personalizar de acuerdo con las preferencias personales y los estilos de decoraci\u00f3n para satisfacer las necesidades est\u00e9ticas de los diferentes usuarios.<\/p>\n<p><img decoding=\"async\" class=\"alignnone wp-image-2569 \" src=\"https:\/\/sauna-tech.com\/wp-content\/uploads\/2024\/12\/Spire-Sauna-7.jpg\" alt=\"\" width=\"222\" height=\"222\" srcset=\"https:\/\/sauna-tech.com\/wp-content\/uploads\/2024\/12\/Spire-Sauna-7.jpg 138w, https:\/\/sauna-tech.com\/wp-content\/uploads\/2024\/12\/Spire-Sauna-7-100x100.jpg 100w\" sizes=\"(max-width: 222px) 100vw, 222px\" \/>   <img decoding=\"async\" class=\"alignnone wp-image-2562 \" src=\"https:\/\/sauna-tech.com\/wp-content\/uploads\/2024\/12\/Spire-Sauna-6.jpg\" alt=\"\" width=\"222\" height=\"222\" srcset=\"https:\/\/sauna-tech.com\/wp-content\/uploads\/2024\/12\/Spire-Sauna-6.jpg 138w, https:\/\/sauna-tech.com\/wp-content\/uploads\/2024\/12\/Spire-Sauna-6-100x100.jpg 100w\" sizes=\"(max-width: 222px) 100vw, 222px\" \/>   <img decoding=\"async\" class=\"alignnone wp-image-2534\" src=\"https:\/\/sauna-tech.com\/wp-content\/uploads\/2024\/12\/Spire-Sauna-2.jpg\" alt=\"\" width=\"223\" height=\"223\" srcset=\"https:\/\/sauna-tech.com\/wp-content\/uploads\/2024\/12\/Spire-Sauna-2.jpg 227w, https:\/\/sauna-tech.com\/wp-content\/uploads\/2024\/12\/Spire-Sauna-2-150x150.jpg 150w, https:\/\/sauna-tech.com\/wp-content\/uploads\/2024\/12\/Spire-Sauna-2-100x100.jpg 100w\" sizes=\"(max-width: 223px) 100vw, 223px\" \/><\/p>\n<p><img loading=\"lazy\" decoding=\"async\" class=\"alignnone wp-image-2604 \" src=\"https:\/\/sauna-tech.com\/wp-content\/uploads\/2024\/12\/Spire-Sauna-12.jpg\" alt=\"\" width=\"221\" height=\"224\" srcset=\"https:\/\/sauna-tech.com\/wp-content\/uploads\/2024\/12\/Spire-Sauna-12.jpg 168w, https:\/\/sauna-tech.com\/wp-content\/uploads\/2024\/12\/Spire-Sauna-12-100x100.jpg 100w\" sizes=\"(max-width: 221px) 100vw, 221px\" \/>   <img loading=\"lazy\" decoding=\"async\" class=\"alignnone wp-image-2618\" src=\"https:\/\/sauna-tech.com\/wp-content\/uploads\/2024\/12\/Spire-Sauna-14.jpg\" alt=\"\" width=\"224\" height=\"225\" srcset=\"https:\/\/sauna-tech.com\/wp-content\/uploads\/2024\/12\/Spire-Sauna-14.jpg 169w, https:\/\/sauna-tech.com\/wp-content\/uploads\/2024\/12\/Spire-Sauna-14-150x150.jpg 150w, https:\/\/sauna-tech.com\/wp-content\/uploads\/2024\/12\/Spire-Sauna-14-100x100.jpg 100w\" sizes=\"(max-width: 224px) 100vw, 224px\" \/><\/p>\n<p>La estructura de la aguja es una forma arquitect\u00f3nica tradicional con una belleza simple y elegante, que es ideal para el dise\u00f1o de saunas en la b\u00fasqueda de un estilo y una atm\u00f3sfera \u00fanicos, este dise\u00f1o puede estar en l\u00ednea con la construcci\u00f3n de \u00e1reas esc\u00e9nicas como el campo y las villas de vacaciones, creando un ambiente de ocio \u00fanico.<\/p>\n<p>&nbsp;<\/p>\n","protected":false},"excerpt":{"rendered":"<p>Accesorios opcionales:<br \/>\n 1. USB \/ FM \/ Altavoz 2. Techo<br \/>\nimpermeable 3. l\u00e1mpara<br \/>\n4 . barril<br \/>\n5. Panel de<br \/>\ncontrol digital 6 . Agite el mango<br \/>\n7.Estufa el\u00e9ctrica \/ de le\u00f1a \/ placa<br \/>\ncalefactora infrarroja 8. Cuchara<br \/>\nde madera 9.Vidrio<br \/>\nplano 10. Piedras de<br \/>\nsauna 11 . Herm\u00f3metro T<\/p>\n","protected":false},"featured_media":2527,"comment_status":"open","ping_status":"closed","template":"","meta":[],"product_brand":[],"product_cat":[90,72],"product_tag":[],"class_list":{"0":"post-3407","1":"product","2":"type-product","3":"status-publish","4":"has-post-thumbnail","6":"product_cat-sauna-exterior","7":"product_cat-sin-categorizar","9":"first","10":"instock","11":"shipping-taxable","12":"product-type-simple"},"_links":{"self":[{"href":"https:\/\/sauna-tech.com\/es\/wp-json\/wp\/v2\/product\/3407","targetHints":{"allow":["GET"]}}],"collection":[{"href":"https:\/\/sauna-tech.com\/es\/wp-json\/wp\/v2\/product"}],"about":[{"href":"https:\/\/sauna-tech.com\/es\/wp-json\/wp\/v2\/types\/product"}],"replies":[{"embeddable":true,"href":"https:\/\/sauna-tech.com\/es\/wp-json\/wp\/v2\/comments?post=3407"}],"wp:featuredmedia":[{"embeddable":true,"href":"https:\/\/sauna-tech.com\/es\/wp-json\/wp\/v2\/media\/2527"}],"wp:attachment":[{"href":"https:\/\/sauna-tech.com\/es\/wp-json\/wp\/v2\/media?parent=3407"}],"wp:term":[{"taxonomy":"product_brand","embeddable":true,"href":"https:\/\/sauna-tech.com\/es\/wp-json\/wp\/v2\/product_brand?post=3407"},{"taxonomy":"product_cat","embeddable":true,"href":"https:\/\/sauna-tech.com\/es\/wp-json\/wp\/v2\/product_cat?post=3407"},{"taxonomy":"product_tag","embeddable":true,"href":"https:\/\/sauna-tech.com\/es\/wp-json\/wp\/v2\/product_tag?post=3407"}],"curies":[{"name":"wp","href":"https:\/\/api.w.org\/{rel}","templated":true}]}}