{"id":3408,"date":"2024-12-12T01:56:27","date_gmt":"2024-12-12T01:56:27","guid":{"rendered":"https:\/\/sauna-tech.com\/product\/sauna-con-entrada-lateral\/"},"modified":"2024-12-12T01:56:27","modified_gmt":"2024-12-12T01:56:27","slug":"sauna-con-entrada-lateral","status":"publish","type":"product","link":"https:\/\/sauna-tech.com\/es\/producto\/sauna-con-entrada-lateral\/","title":{"rendered":"Sauna con entrada lateral"},"content":{"rendered":"<p>El dise\u00f1o de apertura lateral puede ayudar a hacer un mejor uso del espacio cuando el espacio es limitado, ya que las puertas de apertura lateral no requieren que la puerta corredera se deslice tanto como lo har\u00eda una puerta corredera.<\/p>\n<p><img fetchpriority=\"high\" decoding=\"async\" class=\"alignnone wp-image-2482 size-full\" src=\"https:\/\/sauna-tech.com\/wp-content\/uploads\/2024\/12\/Sauna-With-Side-Entrance-5.jpg\" alt=\"\" width=\"224\" height=\"224\" srcset=\"https:\/\/sauna-tech.com\/wp-content\/uploads\/2024\/12\/Sauna-With-Side-Entrance-5.jpg 224w, https:\/\/sauna-tech.com\/wp-content\/uploads\/2024\/12\/Sauna-With-Side-Entrance-5-150x150.jpg 150w, https:\/\/sauna-tech.com\/wp-content\/uploads\/2024\/12\/Sauna-With-Side-Entrance-5-100x100.jpg 100w\" sizes=\"(max-width: 224px) 100vw, 224px\" \/>   <img decoding=\"async\" class=\"alignnone wp-image-2475 \" src=\"https:\/\/sauna-tech.com\/wp-content\/uploads\/2024\/12\/Sauna-With-Side-Entrance-4.jpg\" alt=\"\" width=\"223\" height=\"225\" srcset=\"https:\/\/sauna-tech.com\/wp-content\/uploads\/2024\/12\/Sauna-With-Side-Entrance-4.jpg 227w, https:\/\/sauna-tech.com\/wp-content\/uploads\/2024\/12\/Sauna-With-Side-Entrance-4-150x150.jpg 150w, https:\/\/sauna-tech.com\/wp-content\/uploads\/2024\/12\/Sauna-With-Side-Entrance-4-100x100.jpg 100w\" sizes=\"(max-width: 223px) 100vw, 223px\" \/><\/p>\n<p>La sauna de apertura lateral se puede personalizar seg\u00fan las necesidades espec\u00edficas del usuario y el tama\u00f1o del espacio, incluido el tama\u00f1o de la puerta, la direcci\u00f3n de apertura, el material, etc.<\/p>\n<p>&nbsp;<\/p>\n","protected":false},"excerpt":{"rendered":"<p>Material de madera: Madera de cedro rojo \/ Cicuta<br \/>\nPotencia: 6000W \/ 9000W<br \/>\nTama\u00f1o: 1.8 * 1.8 * 1.8m \/ 2 * 2 * 2 m \/ 8 * 2 m \/ 2 * 2 m \/ 5 * 2 m<br \/>\nFunci\u00f3n: Calefacci\u00f3n de horno el\u00e9ctrico Calefacci\u00f3n<br \/>\nde estufa de le\u00f1a Voltaje: 85-250 V, regulaci\u00f3n<br \/>\nautom\u00e1tica de voltaje Temperatura: * 0-65 \u00b0C, * Configuraci\u00f3n del panel de controlTiempo de calentamiento 10-15 minutos<\/p>\n","protected":false},"featured_media":2454,"comment_status":"open","ping_status":"closed","template":"","meta":[],"product_brand":[],"product_cat":[90,72],"product_tag":[],"class_list":{"0":"post-3408","1":"product","2":"type-product","3":"status-publish","4":"has-post-thumbnail","6":"product_cat-sauna-exterior","7":"product_cat-sin-categorizar","9":"first","10":"instock","11":"shipping-taxable","12":"product-type-simple"},"_links":{"self":[{"href":"https:\/\/sauna-tech.com\/es\/wp-json\/wp\/v2\/product\/3408","targetHints":{"allow":["GET"]}}],"collection":[{"href":"https:\/\/sauna-tech.com\/es\/wp-json\/wp\/v2\/product"}],"about":[{"href":"https:\/\/sauna-tech.com\/es\/wp-json\/wp\/v2\/types\/product"}],"replies":[{"embeddable":true,"href":"https:\/\/sauna-tech.com\/es\/wp-json\/wp\/v2\/comments?post=3408"}],"wp:featuredmedia":[{"embeddable":true,"href":"https:\/\/sauna-tech.com\/es\/wp-json\/wp\/v2\/media\/2454"}],"wp:attachment":[{"href":"https:\/\/sauna-tech.com\/es\/wp-json\/wp\/v2\/media?parent=3408"}],"wp:term":[{"taxonomy":"product_brand","embeddable":true,"href":"https:\/\/sauna-tech.com\/es\/wp-json\/wp\/v2\/product_brand?post=3408"},{"taxonomy":"product_cat","embeddable":true,"href":"https:\/\/sauna-tech.com\/es\/wp-json\/wp\/v2\/product_cat?post=3408"},{"taxonomy":"product_tag","embeddable":true,"href":"https:\/\/sauna-tech.com\/es\/wp-json\/wp\/v2\/product_tag?post=3408"}],"curies":[{"name":"wp","href":"https:\/\/api.w.org\/{rel}","templated":true}]}}