{"id":3484,"date":"2024-11-27T09:23:56","date_gmt":"2024-11-27T09:23:56","guid":{"rendered":"https:\/\/sauna-tech.com\/product\/bano-de-pies-con-infrarrojo-lejano\/"},"modified":"2024-11-27T09:23:56","modified_gmt":"2024-11-27T09:23:56","slug":"bano-de-pies-con-infrarrojo-lejano","status":"publish","type":"product","link":"https:\/\/sauna-tech.com\/es\/producto\/bano-de-pies-con-infrarrojo-lejano\/","title":{"rendered":"Ba\u00f1o de pies con infrarrojo lejano"},"content":{"rendered":"<p>Cuando entras en una sauna, lo primero que ves es la luz c\u00e1lida y suave, y la ligera fragancia a madera en el aire te hace sentir relajado. Las paredes de una sauna suelen ser de madera de alta calidad, como el cipr\u00e9s o el cedro rojo, que no s\u00f3lo son resistentes al calor, sino que tambi\u00e9n a\u00f1aden un ambiente natural al espacio. El dise\u00f1o de una sauna se centra en la simplicidad y la comodidad, y generalmente incluye una amplia \u00e1rea de asientos donde las personas pueden elegir sentarse o acostarse a voluntad. La temperatura se controla entre 70 y 100 grados cent\u00edgrados, y la humedad se puede ajustar seg\u00fan las preferencias personales. Las saunas secas y las saunas h\u00famedas tienen sus propias caracter\u00edsticas. Ya sea que se trate de una sauna h\u00fameda y humeante o una sauna seca y c\u00e1lida, el aire h\u00famedo y el ambiente c\u00e1lido despu\u00e9s de ingresar parecen proporcionar un \u00abreinicio\u00bb perfecto para el cuerpo y la mente. <\/p>\n<p><img fetchpriority=\"high\" decoding=\"async\" class=\"alignnone wp-image-746 size-medium\" src=\"https:\/\/sauna-tech.com\/wp-content\/uploads\/2024\/11\/%E8%BF%9C%E7%BA%A2%E5%A4%96%E8%B6%B3%E6%B5%B4%E6%A1%B6-03-300x300.png\" alt=\"\" width=\"300\" height=\"300\"><img decoding=\"async\" class=\"alignnone size-medium wp-image-747\" src=\"https:\/\/sauna-tech.com\/wp-content\/uploads\/2024\/11\/%E8%BF%9C%E7%BA%A2%E5%A4%96%E8%B6%B3%E6%B5%B4%E6%A1%B6-05-300x300.png\" alt=\"\" width=\"300\" height=\"300\"><\/p>\n<p>En un entorno as\u00ed, el tiempo parece detenerse. Puedes cerrar los ojos y escuchar el ocasional leve sonido de \u00abclic\u00bb de la madera a tu alrededor, y sentir el beso del calor en tu piel. En este momento en la sauna, todo el estr\u00e9s y las preocupaciones se desvanecer\u00e1n silenciosamente con sudor. El uso regular de la sauna tambi\u00e9n ayuda a promover la circulaci\u00f3n sangu\u00ednea, la desintoxicaci\u00f3n, aliviar la tensi\u00f3n muscular y muchos otros beneficios. Es una forma importante para que las personas modernas busquen salud y relajaci\u00f3n. Despu\u00e9s de la experiencia, a muchas personas les gusta refrescarse al aire libre y sentir la frescura y el contraste que aporta el aire. Luego, una bebida refrescante o un t\u00e9 caliente no solo pueden reponer el agua perdida, sino tambi\u00e9n hacer que esta experiencia relajante sea m\u00e1s perfecta. Ya sea charlando con amigos o disfrutando de esta tranquilidad solo, la sala de sauna es un refugio perfecto, que agrega un toque de tranquilidad y armon\u00eda a una vida ocupada. Permita que las personas rejuvenezcan y enfrenten nuevos desaf\u00edos en la vida.    <\/p>\n","protected":false},"excerpt":{"rendered":"<p>Dimensiones externas (L * W * H (cm)): 90 * 90 * 80<br \/>\nDimensiones internas (L * W * H (cm))): 80 * 80 * 78<br \/>\nProfundidad llena (L * W * H (cm)): 65 cm<br \/>\nDimensiones enrolladas (L * W * H (cm)): 38 * 35 * 95<br \/>\nVolumen m\u00e1ximo de agua: 325L<br \/>\nVolumen de agua sugerido: 290L<br \/>\nPeso neto: 9.5KG<br \/>\nEspesor de la pared: 5 cm<\/p>\n","protected":false},"featured_media":746,"comment_status":"open","ping_status":"closed","template":"","meta":[],"product_brand":[],"product_cat":[102],"product_tag":[],"class_list":{"0":"post-3484","1":"product","2":"type-product","3":"status-publish","4":"has-post-thumbnail","6":"product_cat-cubo-lavapies","8":"first","9":"instock","10":"shipping-taxable","11":"product-type-simple"},"_links":{"self":[{"href":"https:\/\/sauna-tech.com\/es\/wp-json\/wp\/v2\/product\/3484","targetHints":{"allow":["GET"]}}],"collection":[{"href":"https:\/\/sauna-tech.com\/es\/wp-json\/wp\/v2\/product"}],"about":[{"href":"https:\/\/sauna-tech.com\/es\/wp-json\/wp\/v2\/types\/product"}],"replies":[{"embeddable":true,"href":"https:\/\/sauna-tech.com\/es\/wp-json\/wp\/v2\/comments?post=3484"}],"wp:featuredmedia":[{"embeddable":true,"href":"https:\/\/sauna-tech.com\/es\/wp-json\/wp\/v2\/media\/746"}],"wp:attachment":[{"href":"https:\/\/sauna-tech.com\/es\/wp-json\/wp\/v2\/media?parent=3484"}],"wp:term":[{"taxonomy":"product_brand","embeddable":true,"href":"https:\/\/sauna-tech.com\/es\/wp-json\/wp\/v2\/product_brand?post=3484"},{"taxonomy":"product_cat","embeddable":true,"href":"https:\/\/sauna-tech.com\/es\/wp-json\/wp\/v2\/product_cat?post=3484"},{"taxonomy":"product_tag","embeddable":true,"href":"https:\/\/sauna-tech.com\/es\/wp-json\/wp\/v2\/product_tag?post=3484"}],"curies":[{"name":"wp","href":"https:\/\/api.w.org\/{rel}","templated":true}]}}