{"id":3535,"date":"2024-12-12T02:36:03","date_gmt":"2024-12-12T02:36:03","guid":{"rendered":"https:\/\/sauna-tech.com\/product\/sala-de-sauna-de-barril-redondo\/"},"modified":"2024-12-12T02:36:03","modified_gmt":"2024-12-12T02:36:03","slug":"sala-de-sauna-de-barril-redondo","status":"publish","type":"product","link":"https:\/\/sauna-tech.com\/es\/producto\/sala-de-sauna-de-barril-redondo\/","title":{"rendered":"Sala de sauna de barril redondo"},"content":{"rendered":"<p>Las salas de sauna de barril redondo est\u00e1n libres de contaminaci\u00f3n, son f\u00e1ciles de mantener, consumen menos energ\u00eda que las salas de sauna tradicionales, tienen una mayor eficiencia y generan un calor uniforme. Adem\u00e1s, las saunas y los ba\u00f1os de vapor pueden ayudar a aliviar la fatiga muscular despu\u00e9s del entrenamiento, abrir los poros y liberar el sudor, eliminar la suciedad y las bacterias en o debajo de la superficie de la piel y tener beneficios de limpieza y salud para la piel. <\/p>\n<p><img fetchpriority=\"high\" decoding=\"async\" class=\"alignnone wp-image-2705 size-full\" src=\"https:\/\/sauna-tech.com\/wp-content\/uploads\/2024\/12\/Round-Barrel-Sauna-Room-2.jpg\" alt=\"\" width=\"233\" height=\"233\" srcset=\"https:\/\/sauna-tech.com\/wp-content\/uploads\/2024\/12\/Round-Barrel-Sauna-Room-2.jpg 233w, https:\/\/sauna-tech.com\/wp-content\/uploads\/2024\/12\/Round-Barrel-Sauna-Room-2-150x150.jpg 150w, https:\/\/sauna-tech.com\/wp-content\/uploads\/2024\/12\/Round-Barrel-Sauna-Room-2-100x100.jpg 100w\" sizes=\"(max-width: 233px) 100vw, 233px\" \/>   <img decoding=\"async\" class=\"alignnone wp-image-2698\" src=\"https:\/\/sauna-tech.com\/wp-content\/uploads\/2024\/12\/Round-Barrel-Sauna-Room-1-298x300.jpg\" alt=\"\" width=\"233\" height=\"235\" srcset=\"https:\/\/sauna-tech.com\/wp-content\/uploads\/2024\/12\/Round-Barrel-Sauna-Room-1-298x300.jpg 298w, https:\/\/sauna-tech.com\/wp-content\/uploads\/2024\/12\/Round-Barrel-Sauna-Room-1-150x150.jpg 150w, https:\/\/sauna-tech.com\/wp-content\/uploads\/2024\/12\/Round-Barrel-Sauna-Room-1-100x100.jpg 100w, https:\/\/sauna-tech.com\/wp-content\/uploads\/2024\/12\/Round-Barrel-Sauna-Room-1.jpg 325w\" sizes=\"(max-width: 233px) 100vw, 233px\" \/><\/p>\n<p>&nbsp;<\/p>\n","protected":false},"excerpt":{"rendered":"<p>La sauna de barril redondo brinda una experiencia conveniente y segura, brindando comodidad y beneficios para la salud de los usuarios.<\/p>\n","protected":false},"featured_media":2726,"comment_status":"open","ping_status":"closed","template":"","meta":[],"product_brand":[],"product_cat":[90,72],"product_tag":[],"class_list":{"0":"post-3535","1":"product","2":"type-product","3":"status-publish","4":"has-post-thumbnail","6":"product_cat-sauna-exterior","7":"product_cat-sin-categorizar","9":"first","10":"instock","11":"shipping-taxable","12":"product-type-simple"},"_links":{"self":[{"href":"https:\/\/sauna-tech.com\/es\/wp-json\/wp\/v2\/product\/3535","targetHints":{"allow":["GET"]}}],"collection":[{"href":"https:\/\/sauna-tech.com\/es\/wp-json\/wp\/v2\/product"}],"about":[{"href":"https:\/\/sauna-tech.com\/es\/wp-json\/wp\/v2\/types\/product"}],"replies":[{"embeddable":true,"href":"https:\/\/sauna-tech.com\/es\/wp-json\/wp\/v2\/comments?post=3535"}],"wp:featuredmedia":[{"embeddable":true,"href":"https:\/\/sauna-tech.com\/es\/wp-json\/wp\/v2\/media\/2726"}],"wp:attachment":[{"href":"https:\/\/sauna-tech.com\/es\/wp-json\/wp\/v2\/media?parent=3535"}],"wp:term":[{"taxonomy":"product_brand","embeddable":true,"href":"https:\/\/sauna-tech.com\/es\/wp-json\/wp\/v2\/product_brand?post=3535"},{"taxonomy":"product_cat","embeddable":true,"href":"https:\/\/sauna-tech.com\/es\/wp-json\/wp\/v2\/product_cat?post=3535"},{"taxonomy":"product_tag","embeddable":true,"href":"https:\/\/sauna-tech.com\/es\/wp-json\/wp\/v2\/product_tag?post=3535"}],"curies":[{"name":"wp","href":"https:\/\/api.w.org\/{rel}","templated":true}]}}