{"id":3398,"date":"2024-12-12T02:24:09","date_gmt":"2024-12-12T02:24:09","guid":{"rendered":"https:\/\/sauna-tech.com\/product\/cubo-sauna\/"},"modified":"2024-12-12T02:24:09","modified_gmt":"2024-12-12T02:24:09","slug":"cubo-sauna","status":"publish","type":"product","link":"https:\/\/sauna-tech.com\/pt-pt\/produto\/cubo-sauna\/","title":{"rendered":"Cubo Sauna"},"content":{"rendered":"<p>Em compara\u00e7\u00e3o com as saunas tradicionais, as saunas cubo s\u00e3o mais eficientes em termos de consumo de energia, geram calor uniforme e proporcionam uma experi\u00eancia de sauna mais confort\u00e1vel.<\/p>\n<p><img fetchpriority=\"high\" decoding=\"async\" class=\"alignnone wp-image-2654 \" src=\"https:\/\/sauna-tech.com\/wp-content\/uploads\/2024\/12\/Cube-Sauna-5.jpg\" alt=\"\" width=\"589\" height=\"265\"><\/p>\n<p>A sauna cubo fornece fun\u00e7\u00f5es de ajuste de temperatura e tempo, que os usu\u00e1rios podem definir livremente de acordo com suas necessidades individuais, proporcionando uma experi\u00eancia de uso personalizada.<\/p>\n<p>&nbsp;<\/p>\n","protected":false},"excerpt":{"rendered":"<p>Em compara\u00e7\u00e3o com as saunas tradicionais, as saunas cubo s\u00e3o mais eficientes em termos de consumo de energia, geram calor uniforme e proporcionam uma experi\u00eancia de sauna mais confort\u00e1vel. A sauna cubo fornece fun\u00e7\u00f5es de ajuste de temperatura e tempo, que os usu\u00e1rios podem definir livremente de acordo com suas necessidades individuais, proporcionando uma experi\u00eancia [&hellip;]<\/p>\n","protected":false},"featured_media":2626,"comment_status":"open","ping_status":"closed","template":"","meta":[],"product_brand":[],"product_cat":[93,70],"product_tag":[],"class_list":{"0":"post-3398","1":"product","2":"type-product","3":"status-publish","4":"has-post-thumbnail","6":"product_cat-sauna-exterior-pt-pt","7":"product_cat-sem-categoria","9":"first","10":"instock","11":"shipping-taxable","12":"product-type-simple"},"_links":{"self":[{"href":"https:\/\/sauna-tech.com\/pt-pt\/wp-json\/wp\/v2\/product\/3398","targetHints":{"allow":["GET"]}}],"collection":[{"href":"https:\/\/sauna-tech.com\/pt-pt\/wp-json\/wp\/v2\/product"}],"about":[{"href":"https:\/\/sauna-tech.com\/pt-pt\/wp-json\/wp\/v2\/types\/product"}],"replies":[{"embeddable":true,"href":"https:\/\/sauna-tech.com\/pt-pt\/wp-json\/wp\/v2\/comments?post=3398"}],"wp:featuredmedia":[{"embeddable":true,"href":"https:\/\/sauna-tech.com\/pt-pt\/wp-json\/wp\/v2\/media\/2626"}],"wp:attachment":[{"href":"https:\/\/sauna-tech.com\/pt-pt\/wp-json\/wp\/v2\/media?parent=3398"}],"wp:term":[{"taxonomy":"product_brand","embeddable":true,"href":"https:\/\/sauna-tech.com\/pt-pt\/wp-json\/wp\/v2\/product_brand?post=3398"},{"taxonomy":"product_cat","embeddable":true,"href":"https:\/\/sauna-tech.com\/pt-pt\/wp-json\/wp\/v2\/product_cat?post=3398"},{"taxonomy":"product_tag","embeddable":true,"href":"https:\/\/sauna-tech.com\/pt-pt\/wp-json\/wp\/v2\/product_tag?post=3398"}],"curies":[{"name":"wp","href":"https:\/\/api.w.org\/{rel}","templated":true}]}}