{"id":3400,"date":"2024-12-12T02:09:57","date_gmt":"2024-12-12T02:09:57","guid":{"rendered":"https:\/\/sauna-tech.com\/product\/spire-sauna\/"},"modified":"2024-12-12T02:09:57","modified_gmt":"2024-12-12T02:09:57","slug":"spire-sauna","status":"publish","type":"product","link":"https:\/\/sauna-tech.com\/pt-pt\/produto\/spire-sauna\/","title":{"rendered":"Spire Sauna"},"content":{"rendered":"<p>O design do pin\u00e1culo adiciona uma est\u00e9tica \u00fanica ao banho e pode ser personalizado de acordo com prefer\u00eancias pessoais e estilos de decora\u00e7\u00e3o para atender \u00e0s necessidades est\u00e9ticas de diferentes usu\u00e1rios.<\/p>\n<p><img decoding=\"async\" class=\"alignnone wp-image-2569 \" src=\"https:\/\/sauna-tech.com\/wp-content\/uploads\/2024\/12\/Spire-Sauna-7.jpg\" alt=\"\" width=\"222\" height=\"222\" srcset=\"https:\/\/sauna-tech.com\/wp-content\/uploads\/2024\/12\/Spire-Sauna-7.jpg 138w, https:\/\/sauna-tech.com\/wp-content\/uploads\/2024\/12\/Spire-Sauna-7-100x100.jpg 100w\" sizes=\"(max-width: 222px) 100vw, 222px\" \/>   <img decoding=\"async\" class=\"alignnone wp-image-2562 \" src=\"https:\/\/sauna-tech.com\/wp-content\/uploads\/2024\/12\/Spire-Sauna-6.jpg\" alt=\"\" width=\"222\" height=\"222\" srcset=\"https:\/\/sauna-tech.com\/wp-content\/uploads\/2024\/12\/Spire-Sauna-6.jpg 138w, https:\/\/sauna-tech.com\/wp-content\/uploads\/2024\/12\/Spire-Sauna-6-100x100.jpg 100w\" sizes=\"(max-width: 222px) 100vw, 222px\" \/>   <img decoding=\"async\" class=\"alignnone wp-image-2534\" src=\"https:\/\/sauna-tech.com\/wp-content\/uploads\/2024\/12\/Spire-Sauna-2.jpg\" alt=\"\" width=\"223\" height=\"223\" srcset=\"https:\/\/sauna-tech.com\/wp-content\/uploads\/2024\/12\/Spire-Sauna-2.jpg 227w, https:\/\/sauna-tech.com\/wp-content\/uploads\/2024\/12\/Spire-Sauna-2-150x150.jpg 150w, https:\/\/sauna-tech.com\/wp-content\/uploads\/2024\/12\/Spire-Sauna-2-100x100.jpg 100w\" sizes=\"(max-width: 223px) 100vw, 223px\" \/><\/p>\n<p><img loading=\"lazy\" decoding=\"async\" class=\"alignnone wp-image-2604 \" src=\"https:\/\/sauna-tech.com\/wp-content\/uploads\/2024\/12\/Spire-Sauna-12.jpg\" alt=\"\" width=\"221\" height=\"224\" srcset=\"https:\/\/sauna-tech.com\/wp-content\/uploads\/2024\/12\/Spire-Sauna-12.jpg 168w, https:\/\/sauna-tech.com\/wp-content\/uploads\/2024\/12\/Spire-Sauna-12-100x100.jpg 100w\" sizes=\"(max-width: 221px) 100vw, 221px\" \/>   <img loading=\"lazy\" decoding=\"async\" class=\"alignnone wp-image-2618\" src=\"https:\/\/sauna-tech.com\/wp-content\/uploads\/2024\/12\/Spire-Sauna-14.jpg\" alt=\"\" width=\"224\" height=\"225\" srcset=\"https:\/\/sauna-tech.com\/wp-content\/uploads\/2024\/12\/Spire-Sauna-14.jpg 169w, https:\/\/sauna-tech.com\/wp-content\/uploads\/2024\/12\/Spire-Sauna-14-150x150.jpg 150w, https:\/\/sauna-tech.com\/wp-content\/uploads\/2024\/12\/Spire-Sauna-14-100x100.jpg 100w\" sizes=\"(max-width: 224px) 100vw, 224px\" \/><\/p>\n<p>A estrutura do pin\u00e1culo \u00e9 uma forma arquitet\u00f4nica tradicional com uma beleza simples e elegante, que \u00e9 ideal para o design de saunas na busca de um estilo e atmosfera \u00fanicos, Este projeto pode estar em linha com a constru\u00e7\u00e3o de \u00e1reas c\u00eanicas, como campo e moradias de f\u00e9rias, criando uma atmosfera de lazer \u00fanica.<\/p>\n<p>&nbsp;<\/p>\n","protected":false},"excerpt":{"rendered":"<p>Acess\u00f3rios opcionais:<br \/>\n 1.USB\/FM\/Speaker2.Waterproof Roofing<br \/>\n3. l\u00e2mpada<br \/>\n4 .cask<br \/>\n5. Painel<br \/>\nde controle digital 6 . Agite a al\u00e7a<br \/>\n7.Fog\u00e3o el\u00e9trico\/de madeira\/placa<br \/>\nde aquecimento infravermelho 8. Colher<br \/>\nde pau 9.Vidro<br \/>\nplano 10. Pedras de<br \/>\nsauna 11 . Herm\u00f4metro T<\/p>\n","protected":false},"featured_media":2527,"comment_status":"open","ping_status":"closed","template":"","meta":[],"product_brand":[],"product_cat":[93,70],"product_tag":[],"class_list":{"0":"post-3400","1":"product","2":"type-product","3":"status-publish","4":"has-post-thumbnail","6":"product_cat-sauna-exterior-pt-pt","7":"product_cat-sem-categoria","9":"first","10":"instock","11":"shipping-taxable","12":"product-type-simple"},"_links":{"self":[{"href":"https:\/\/sauna-tech.com\/pt-pt\/wp-json\/wp\/v2\/product\/3400","targetHints":{"allow":["GET"]}}],"collection":[{"href":"https:\/\/sauna-tech.com\/pt-pt\/wp-json\/wp\/v2\/product"}],"about":[{"href":"https:\/\/sauna-tech.com\/pt-pt\/wp-json\/wp\/v2\/types\/product"}],"replies":[{"embeddable":true,"href":"https:\/\/sauna-tech.com\/pt-pt\/wp-json\/wp\/v2\/comments?post=3400"}],"wp:featuredmedia":[{"embeddable":true,"href":"https:\/\/sauna-tech.com\/pt-pt\/wp-json\/wp\/v2\/media\/2527"}],"wp:attachment":[{"href":"https:\/\/sauna-tech.com\/pt-pt\/wp-json\/wp\/v2\/media?parent=3400"}],"wp:term":[{"taxonomy":"product_brand","embeddable":true,"href":"https:\/\/sauna-tech.com\/pt-pt\/wp-json\/wp\/v2\/product_brand?post=3400"},{"taxonomy":"product_cat","embeddable":true,"href":"https:\/\/sauna-tech.com\/pt-pt\/wp-json\/wp\/v2\/product_cat?post=3400"},{"taxonomy":"product_tag","embeddable":true,"href":"https:\/\/sauna-tech.com\/pt-pt\/wp-json\/wp\/v2\/product_tag?post=3400"}],"curies":[{"name":"wp","href":"https:\/\/api.w.org\/{rel}","templated":true}]}}