{"id":3403,"date":"2024-12-12T01:56:27","date_gmt":"2024-12-12T01:56:27","guid":{"rendered":"https:\/\/sauna-tech.com\/product\/sauna-com-entrada-lateral\/"},"modified":"2024-12-12T01:56:27","modified_gmt":"2024-12-12T01:56:27","slug":"sauna-com-entrada-lateral","status":"publish","type":"product","link":"https:\/\/sauna-tech.com\/pt-pt\/produto\/sauna-com-entrada-lateral\/","title":{"rendered":"Sauna com entrada lateral"},"content":{"rendered":"<p>O design de abertura lateral pode ajudar a aproveitar melhor o espa\u00e7o quando o espa\u00e7o \u00e9 limitado, uma vez que as portas de abertura lateral n\u00e3o exigem que a porta de correr deslize t\u00e3o extra como uma porta de correr.<\/p>\n<p><img fetchpriority=\"high\" decoding=\"async\" class=\"alignnone wp-image-2482 size-full\" src=\"https:\/\/sauna-tech.com\/wp-content\/uploads\/2024\/12\/Sauna-With-Side-Entrance-5.jpg\" alt=\"\" width=\"224\" height=\"224\" srcset=\"https:\/\/sauna-tech.com\/wp-content\/uploads\/2024\/12\/Sauna-With-Side-Entrance-5.jpg 224w, https:\/\/sauna-tech.com\/wp-content\/uploads\/2024\/12\/Sauna-With-Side-Entrance-5-150x150.jpg 150w, https:\/\/sauna-tech.com\/wp-content\/uploads\/2024\/12\/Sauna-With-Side-Entrance-5-100x100.jpg 100w\" sizes=\"(max-width: 224px) 100vw, 224px\" \/>   <img decoding=\"async\" class=\"alignnone wp-image-2475 \" src=\"https:\/\/sauna-tech.com\/wp-content\/uploads\/2024\/12\/Sauna-With-Side-Entrance-4.jpg\" alt=\"\" width=\"223\" height=\"225\" srcset=\"https:\/\/sauna-tech.com\/wp-content\/uploads\/2024\/12\/Sauna-With-Side-Entrance-4.jpg 227w, https:\/\/sauna-tech.com\/wp-content\/uploads\/2024\/12\/Sauna-With-Side-Entrance-4-150x150.jpg 150w, https:\/\/sauna-tech.com\/wp-content\/uploads\/2024\/12\/Sauna-With-Side-Entrance-4-100x100.jpg 100w\" sizes=\"(max-width: 223px) 100vw, 223px\" \/><\/p>\n<p>A sauna de abertura lateral pode ser personalizada de acordo com as necessidades espec\u00edficas do usu\u00e1rio e o tamanho do espa\u00e7o, incluindo o tamanho da porta, a dire\u00e7\u00e3o de abertura, o material, etc.<\/p>\n<p>&nbsp;<\/p>\n","protected":false},"excerpt":{"rendered":"<p>Material de madeira: Cedro vermelho Madeira\/Hemlock<br \/>\nPoder: 6000W\/9000W<br \/>\nTamanho: 1.8*1.8*1.8m\/2*2*2m\/8*2m\/2*2m\/2*2m\/5*2*2m<br \/>\nFun\u00e7\u00e3o: Aquecimento do forno el\u00e9trico aquecimento<br \/>\ndo fog\u00e3o a lenha Tens\u00e3o: 85-250V, regula\u00e7\u00e3o<br \/>\nautom\u00e1tica da tens\u00e3o Temperatura:* 0-65 \u00b0C,* Configura\u00e7\u00f5es do painel de controletempo de aquecimento 10-15 minutos<\/p>\n","protected":false},"featured_media":2454,"comment_status":"open","ping_status":"closed","template":"","meta":[],"product_brand":[],"product_cat":[93,70],"product_tag":[],"class_list":{"0":"post-3403","1":"product","2":"type-product","3":"status-publish","4":"has-post-thumbnail","6":"product_cat-sauna-exterior-pt-pt","7":"product_cat-sem-categoria","9":"first","10":"instock","11":"shipping-taxable","12":"product-type-simple"},"_links":{"self":[{"href":"https:\/\/sauna-tech.com\/pt-pt\/wp-json\/wp\/v2\/product\/3403","targetHints":{"allow":["GET"]}}],"collection":[{"href":"https:\/\/sauna-tech.com\/pt-pt\/wp-json\/wp\/v2\/product"}],"about":[{"href":"https:\/\/sauna-tech.com\/pt-pt\/wp-json\/wp\/v2\/types\/product"}],"replies":[{"embeddable":true,"href":"https:\/\/sauna-tech.com\/pt-pt\/wp-json\/wp\/v2\/comments?post=3403"}],"wp:featuredmedia":[{"embeddable":true,"href":"https:\/\/sauna-tech.com\/pt-pt\/wp-json\/wp\/v2\/media\/2454"}],"wp:attachment":[{"href":"https:\/\/sauna-tech.com\/pt-pt\/wp-json\/wp\/v2\/media?parent=3403"}],"wp:term":[{"taxonomy":"product_brand","embeddable":true,"href":"https:\/\/sauna-tech.com\/pt-pt\/wp-json\/wp\/v2\/product_brand?post=3403"},{"taxonomy":"product_cat","embeddable":true,"href":"https:\/\/sauna-tech.com\/pt-pt\/wp-json\/wp\/v2\/product_cat?post=3403"},{"taxonomy":"product_tag","embeddable":true,"href":"https:\/\/sauna-tech.com\/pt-pt\/wp-json\/wp\/v2\/product_tag?post=3403"}],"curies":[{"name":"wp","href":"https:\/\/api.w.org\/{rel}","templated":true}]}}