{"id":3461,"date":"2024-11-29T01:50:21","date_gmt":"2024-11-29T01:50:21","guid":{"rendered":"https:\/\/sauna-tech.com\/product\/serie-de-versoes-em-cristal-de-carbono\/"},"modified":"2024-11-29T01:50:21","modified_gmt":"2024-11-29T01:50:21","slug":"serie-de-versoes-em-cristal-de-carbono","status":"publish","type":"product","link":"https:\/\/sauna-tech.com\/pt-pt\/produto\/serie-de-versoes-em-cristal-de-carbono\/","title":{"rendered":"S\u00e9rie de vers\u00f5es em cristal de carbono"},"content":{"rendered":"<p>Quando voc\u00ea entra em uma sauna, a primeira coisa que voc\u00ea v\u00ea \u00e9 a luz quente e suave, e a fragr\u00e2ncia de madeira clara no ar faz voc\u00ea se sentir relaxado. As paredes de uma sauna s\u00e3o geralmente feitas de madeira de alta qualidade, como cipreste ou cedro vermelho, que n\u00e3o s\u00f3 s\u00e3o resistentes ao calor, mas tamb\u00e9m adicionam uma atmosfera natural ao espa\u00e7o. O design de uma sauna se concentra na simplicidade e no conforto, e geralmente inclui uma espa\u00e7osa \u00e1rea de estar onde as pessoas podem escolher sentar-se ou deitar-se \u00e0 vontade. A temperatura \u00e9 controlada entre 70 e 100 graus Celsius, e a humidade pode ser ajustada de acordo com a prefer\u00eancia pessoal. As saunas secas e as saunas h\u00famidas t\u00eam as suas pr\u00f3prias caracter\u00edsticas. Quer se trate de uma sauna h\u00famida fumegante ou de uma sauna seca e quente, o ar h\u00famido e o ambiente quente depois de entrar parecem proporcionar um &#8220;recome\u00e7o&#8221; perfeito para o corpo e a mente. <\/p>\n<p><img fetchpriority=\"high\" decoding=\"async\" class=\"alignnone wp-image-799 size-medium\" src=\"https:\/\/sauna-tech.com\/wp-content\/uploads\/2024\/11\/2-3-300x300.png\" alt=\"\" width=\"300\" height=\"300\" srcset=\"https:\/\/sauna-tech.com\/wp-content\/uploads\/2024\/11\/2-3-300x300.png 300w, https:\/\/sauna-tech.com\/wp-content\/uploads\/2024\/11\/2-3-150x150.png 150w, https:\/\/sauna-tech.com\/wp-content\/uploads\/2024\/11\/2-3-100x100.png 100w, https:\/\/sauna-tech.com\/wp-content\/uploads\/2024\/11\/2-3.png 600w\" sizes=\"(max-width: 300px) 100vw, 300px\" \/><img decoding=\"async\" class=\"alignnone wp-image-801 size-medium\" src=\"https:\/\/sauna-tech.com\/wp-content\/uploads\/2024\/11\/4-3-300x300.png\" alt=\"\" width=\"300\" height=\"300\" srcset=\"https:\/\/sauna-tech.com\/wp-content\/uploads\/2024\/11\/4-3-300x300.png 300w, https:\/\/sauna-tech.com\/wp-content\/uploads\/2024\/11\/4-3-150x150.png 150w, https:\/\/sauna-tech.com\/wp-content\/uploads\/2024\/11\/4-3-100x100.png 100w, https:\/\/sauna-tech.com\/wp-content\/uploads\/2024\/11\/4-3.png 600w\" sizes=\"(max-width: 300px) 100vw, 300px\" \/><\/p>\n<p>Em tal ambiente, o tempo parece parar. Voc\u00ea pode fechar os olhos e ouvir o ocasional som de &#8220;clique&#8221; da madeira ao seu redor, e sentir o beijo do calor em sua pele. Neste momento na sauna, todo o estresse e preocupa\u00e7\u00f5es fluir\u00e3o silenciosamente com suor. O uso regular da sauna tamb\u00e9m ajuda a promover a circula\u00e7\u00e3o sangu\u00ednea, desintoxica\u00e7\u00e3o, aliviar a tens\u00e3o muscular e muitos outros benef\u00edcios. \u00c9 uma forma importante de as pessoas modernas procurarem sa\u00fade e relaxamento. Depois da experi\u00eancia, muitas pessoas gostam de se refrescar l\u00e1 fora e sentir a frescura e o contraste trazidos pelo ar. Ent\u00e3o, uma bebida refrescante ou ch\u00e1 quente pode n\u00e3o s\u00f3 repor a \u00e1gua perdida, mas tamb\u00e9m tornar esta experi\u00eancia relaxante mais perfeita. Seja conversando com amigos ou desfrutando dessa tranquilidade sozinho, a sauna \u00e9 um ref\u00fagio perfeito, adicionando um toque de tranquilidade e harmonia a uma vida agitada. Deixe as pessoas rejuvenescerem e enfrentem novos desafios na vida.    <\/p>\n","protected":false},"excerpt":{"rendered":"<p>Escurecimentos externos (L*W*H (CM)): 90*90*80<br \/>\nEscurecimentos internos (L*W*H (CM)): 80*80*78<br \/>\nProfundidade preenchida (L*W*H(cm)): 65 cm<br \/>\nEscurecimentos enrolados (L*W*H (CM)): 38*35*95<br \/>\nVolume m\u00e1ximo de \u00e1gua: 325L<br \/>\nSugerir volume de \u00e1gua: 290L<br \/>\nPeso l\u00edquido: 9.5KG<br \/>\nEspessura da parede: 5cm<\/p>\n","protected":false},"featured_media":798,"comment_status":"open","ping_status":"closed","template":"","meta":[],"product_brand":[],"product_cat":[97,70],"product_tag":[],"class_list":{"0":"post-3461","1":"product","2":"type-product","3":"status-publish","4":"has-post-thumbnail","6":"product_cat-sauna-interior","7":"product_cat-sem-categoria","9":"first","10":"instock","11":"shipping-taxable","12":"product-type-simple"},"_links":{"self":[{"href":"https:\/\/sauna-tech.com\/pt-pt\/wp-json\/wp\/v2\/product\/3461","targetHints":{"allow":["GET"]}}],"collection":[{"href":"https:\/\/sauna-tech.com\/pt-pt\/wp-json\/wp\/v2\/product"}],"about":[{"href":"https:\/\/sauna-tech.com\/pt-pt\/wp-json\/wp\/v2\/types\/product"}],"replies":[{"embeddable":true,"href":"https:\/\/sauna-tech.com\/pt-pt\/wp-json\/wp\/v2\/comments?post=3461"}],"wp:featuredmedia":[{"embeddable":true,"href":"https:\/\/sauna-tech.com\/pt-pt\/wp-json\/wp\/v2\/media\/798"}],"wp:attachment":[{"href":"https:\/\/sauna-tech.com\/pt-pt\/wp-json\/wp\/v2\/media?parent=3461"}],"wp:term":[{"taxonomy":"product_brand","embeddable":true,"href":"https:\/\/sauna-tech.com\/pt-pt\/wp-json\/wp\/v2\/product_brand?post=3461"},{"taxonomy":"product_cat","embeddable":true,"href":"https:\/\/sauna-tech.com\/pt-pt\/wp-json\/wp\/v2\/product_cat?post=3461"},{"taxonomy":"product_tag","embeddable":true,"href":"https:\/\/sauna-tech.com\/pt-pt\/wp-json\/wp\/v2\/product_tag?post=3461"}],"curies":[{"name":"wp","href":"https:\/\/api.w.org\/{rel}","templated":true}]}}