{"id":3512,"date":"2024-12-12T02:51:52","date_gmt":"2024-12-12T02:51:52","guid":{"rendered":"https:\/\/sauna-tech.com\/product\/produtos-explosivos\/"},"modified":"2024-12-12T02:51:52","modified_gmt":"2024-12-12T02:51:52","slug":"produtos-explosivos","status":"publish","type":"product","link":"https:\/\/sauna-tech.com\/pt-pt\/produto\/produtos-explosivos\/","title":{"rendered":"Produtos Explosivos"},"content":{"rendered":"<h3>Exposi\u00e7\u00e3o Fotogr\u00e1fica De Produtos Explosivos<\/h3>\n<p><img fetchpriority=\"high\" decoding=\"async\" class=\"alignnone wp-image-2848 \" src=\"https:\/\/sauna-tech.com\/wp-content\/uploads\/2024\/12\/Explosive-Products-2-300x300.jpg\" alt=\"\" width=\"240\" height=\"240\" srcset=\"https:\/\/sauna-tech.com\/wp-content\/uploads\/2024\/12\/Explosive-Products-2-300x300.jpg 300w, https:\/\/sauna-tech.com\/wp-content\/uploads\/2024\/12\/Explosive-Products-2-150x150.jpg 150w, https:\/\/sauna-tech.com\/wp-content\/uploads\/2024\/12\/Explosive-Products-2-100x100.jpg 100w, https:\/\/sauna-tech.com\/wp-content\/uploads\/2024\/12\/Explosive-Products-2.jpg 308w\" sizes=\"(max-width: 240px) 100vw, 240px\" \/>   <img decoding=\"async\" class=\"alignnone wp-image-2855 \" src=\"https:\/\/sauna-tech.com\/wp-content\/uploads\/2024\/12\/Explosive-Products-3-300x300.jpg\" alt=\"\" width=\"241\" height=\"241\" srcset=\"https:\/\/sauna-tech.com\/wp-content\/uploads\/2024\/12\/Explosive-Products-3-300x300.jpg 300w, https:\/\/sauna-tech.com\/wp-content\/uploads\/2024\/12\/Explosive-Products-3-150x150.jpg 150w, https:\/\/sauna-tech.com\/wp-content\/uploads\/2024\/12\/Explosive-Products-3-100x100.jpg 100w, https:\/\/sauna-tech.com\/wp-content\/uploads\/2024\/12\/Explosive-Products-3.jpg 352w\" sizes=\"(max-width: 241px) 100vw, 241px\" \/>   <img decoding=\"async\" class=\"alignnone wp-image-2862\" src=\"https:\/\/sauna-tech.com\/wp-content\/uploads\/2024\/12\/Explosive-Products-4-300x300.jpg\" alt=\"\" width=\"244\" height=\"244\" srcset=\"https:\/\/sauna-tech.com\/wp-content\/uploads\/2024\/12\/Explosive-Products-4-300x300.jpg 300w, https:\/\/sauna-tech.com\/wp-content\/uploads\/2024\/12\/Explosive-Products-4-150x150.jpg 150w, https:\/\/sauna-tech.com\/wp-content\/uploads\/2024\/12\/Explosive-Products-4-100x100.jpg 100w, https:\/\/sauna-tech.com\/wp-content\/uploads\/2024\/12\/Explosive-Products-4.jpg 351w\" sizes=\"(max-width: 244px) 100vw, 244px\" \/><\/p>\n<p><img loading=\"lazy\" decoding=\"async\" class=\"alignnone wp-image-2869\" src=\"https:\/\/sauna-tech.com\/wp-content\/uploads\/2024\/12\/Explosive-Products-5.jpg\" alt=\"\" width=\"240\" height=\"240\" srcset=\"https:\/\/sauna-tech.com\/wp-content\/uploads\/2024\/12\/Explosive-Products-5.jpg 216w, https:\/\/sauna-tech.com\/wp-content\/uploads\/2024\/12\/Explosive-Products-5-150x150.jpg 150w, https:\/\/sauna-tech.com\/wp-content\/uploads\/2024\/12\/Explosive-Products-5-100x100.jpg 100w\" sizes=\"(max-width: 240px) 100vw, 240px\" \/>   <img loading=\"lazy\" decoding=\"async\" class=\"alignnone wp-image-2876\" src=\"https:\/\/sauna-tech.com\/wp-content\/uploads\/2024\/12\/Explosive-Products-6.jpg\" alt=\"\" width=\"240\" height=\"240\" srcset=\"https:\/\/sauna-tech.com\/wp-content\/uploads\/2024\/12\/Explosive-Products-6.jpg 215w, https:\/\/sauna-tech.com\/wp-content\/uploads\/2024\/12\/Explosive-Products-6-150x150.jpg 150w, https:\/\/sauna-tech.com\/wp-content\/uploads\/2024\/12\/Explosive-Products-6-100x100.jpg 100w\" sizes=\"(max-width: 240px) 100vw, 240px\" \/>   <img loading=\"lazy\" decoding=\"async\" class=\"alignnone wp-image-2883\" src=\"https:\/\/sauna-tech.com\/wp-content\/uploads\/2024\/12\/Explosive-Products-7.jpg\" alt=\"\" width=\"242\" height=\"242\" srcset=\"https:\/\/sauna-tech.com\/wp-content\/uploads\/2024\/12\/Explosive-Products-7.jpg 216w, https:\/\/sauna-tech.com\/wp-content\/uploads\/2024\/12\/Explosive-Products-7-150x150.jpg 150w, https:\/\/sauna-tech.com\/wp-content\/uploads\/2024\/12\/Explosive-Products-7-100x100.jpg 100w\" sizes=\"(max-width: 242px) 100vw, 242px\" \/><\/p>\n<p>&nbsp;<\/p>\n","protected":false},"excerpt":{"rendered":"<p>Estes produtos s\u00e3o muito populares entre os consumidores e suas vendas est\u00e3o entre as melhores.<\/p>\n","protected":false},"featured_media":2841,"comment_status":"open","ping_status":"closed","template":"","meta":[],"product_brand":[],"product_cat":[93,70],"product_tag":[],"class_list":{"0":"post-3512","1":"product","2":"type-product","3":"status-publish","4":"has-post-thumbnail","6":"product_cat-sauna-exterior-pt-pt","7":"product_cat-sem-categoria","9":"first","10":"instock","11":"shipping-taxable","12":"product-type-simple"},"_links":{"self":[{"href":"https:\/\/sauna-tech.com\/pt-pt\/wp-json\/wp\/v2\/product\/3512","targetHints":{"allow":["GET"]}}],"collection":[{"href":"https:\/\/sauna-tech.com\/pt-pt\/wp-json\/wp\/v2\/product"}],"about":[{"href":"https:\/\/sauna-tech.com\/pt-pt\/wp-json\/wp\/v2\/types\/product"}],"replies":[{"embeddable":true,"href":"https:\/\/sauna-tech.com\/pt-pt\/wp-json\/wp\/v2\/comments?post=3512"}],"wp:featuredmedia":[{"embeddable":true,"href":"https:\/\/sauna-tech.com\/pt-pt\/wp-json\/wp\/v2\/media\/2841"}],"wp:attachment":[{"href":"https:\/\/sauna-tech.com\/pt-pt\/wp-json\/wp\/v2\/media?parent=3512"}],"wp:term":[{"taxonomy":"product_brand","embeddable":true,"href":"https:\/\/sauna-tech.com\/pt-pt\/wp-json\/wp\/v2\/product_brand?post=3512"},{"taxonomy":"product_cat","embeddable":true,"href":"https:\/\/sauna-tech.com\/pt-pt\/wp-json\/wp\/v2\/product_cat?post=3512"},{"taxonomy":"product_tag","embeddable":true,"href":"https:\/\/sauna-tech.com\/pt-pt\/wp-json\/wp\/v2\/product_tag?post=3512"}],"curies":[{"name":"wp","href":"https:\/\/api.w.org\/{rel}","templated":true}]}}