{"id":3531,"date":"2024-12-12T02:30:33","date_gmt":"2024-12-12T02:30:33","guid":{"rendered":"https:\/\/sauna-tech.com\/product\/sauna-em-forma-especial\/"},"modified":"2024-12-12T02:30:33","modified_gmt":"2024-12-12T02:30:33","slug":"sauna-em-forma-especial","status":"publish","type":"product","link":"https:\/\/sauna-tech.com\/pt-pt\/produto\/sauna-em-forma-especial\/","title":{"rendered":"Sauna em forma especial"},"content":{"rendered":"<p>A instala\u00e7\u00e3o \u00e9 simples, a temperatura e o tempo podem ser ajustados \u00e0 vontade, n\u00e3o h\u00e1 polui\u00e7\u00e3o, a manuten\u00e7\u00e3o \u00e9 simples, o consumo de energia \u00e9 menor do que o da sauna tradicional, a efici\u00eancia \u00e9 maior e o aquecimento \u00e9 uniforme.<\/p>\n","protected":false},"excerpt":{"rendered":"<p>A instala\u00e7\u00e3o \u00e9 simples, a temperatura e o tempo podem ser ajustados \u00e0 vontade, n\u00e3o h\u00e1 polui\u00e7\u00e3o, a manuten\u00e7\u00e3o \u00e9 simples, o consumo de energia \u00e9 menor do que o da sauna tradicional, a efici\u00eancia \u00e9 maior e o aquecimento \u00e9 uniforme.<\/p>\n","protected":false},"featured_media":2690,"comment_status":"open","ping_status":"closed","template":"","meta":[],"product_brand":[],"product_cat":[93,70],"product_tag":[],"class_list":{"0":"post-3531","1":"product","2":"type-product","3":"status-publish","4":"has-post-thumbnail","6":"product_cat-sauna-exterior-pt-pt","7":"product_cat-sem-categoria","9":"first","10":"instock","11":"shipping-taxable","12":"product-type-simple"},"_links":{"self":[{"href":"https:\/\/sauna-tech.com\/pt-pt\/wp-json\/wp\/v2\/product\/3531","targetHints":{"allow":["GET"]}}],"collection":[{"href":"https:\/\/sauna-tech.com\/pt-pt\/wp-json\/wp\/v2\/product"}],"about":[{"href":"https:\/\/sauna-tech.com\/pt-pt\/wp-json\/wp\/v2\/types\/product"}],"replies":[{"embeddable":true,"href":"https:\/\/sauna-tech.com\/pt-pt\/wp-json\/wp\/v2\/comments?post=3531"}],"wp:featuredmedia":[{"embeddable":true,"href":"https:\/\/sauna-tech.com\/pt-pt\/wp-json\/wp\/v2\/media\/2690"}],"wp:attachment":[{"href":"https:\/\/sauna-tech.com\/pt-pt\/wp-json\/wp\/v2\/media?parent=3531"}],"wp:term":[{"taxonomy":"product_brand","embeddable":true,"href":"https:\/\/sauna-tech.com\/pt-pt\/wp-json\/wp\/v2\/product_brand?post=3531"},{"taxonomy":"product_cat","embeddable":true,"href":"https:\/\/sauna-tech.com\/pt-pt\/wp-json\/wp\/v2\/product_cat?post=3531"},{"taxonomy":"product_tag","embeddable":true,"href":"https:\/\/sauna-tech.com\/pt-pt\/wp-json\/wp\/v2\/product_tag?post=3531"}],"curies":[{"name":"wp","href":"https:\/\/api.w.org\/{rel}","templated":true}]}}